{"id":9332,"date":"2022-04-27T19:08:05","date_gmt":"2022-04-27T19:08:05","guid":{"rendered":"https:\/\/www.dorfglueck-bergland.at\/imprint-partner\/"},"modified":"2026-04-30T12:45:33","modified_gmt":"2026-04-30T12:45:33","slug":"imprint-partner","status":"publish","type":"page","link":"https:\/\/www.dorfglueck-bergland.at\/en\/imprint-partner\/","title":{"rendered":"DG Imprint"},"content":{"rendered":"<p><div class=\"fusion-fullwidth fullwidth-box fusion-builder-row-1 fusion-flex-container has-pattern-background has-mask-background nonhundred-percent-fullwidth non-hundred-percent-height-scrolling gradient-container-1\" style=\"--awb-border-radius-top-left:0px;--awb-border-radius-top-right:0px;--awb-border-radius-bottom-right:0px;--awb-border-radius-bottom-left:0px;--awb-padding-top:90px;--awb-padding-right:12%;--awb-padding-bottom:20px;--awb-padding-left:12%;--awb-padding-right-medium:50px;--awb-padding-left-medium:50px;--awb-background-image:linear-gradient(180deg, #ffffff 32%,var(--awb-color4) 100%);--awb-flex-wrap:wrap;\" ><div class=\"fusion-builder-row fusion-row fusion-flex-align-items-stretch fusion-flex-content-wrap\" style=\"max-width:1216.8px;margin-left: calc(-4% \/ 2 );margin-right: calc(-4% \/ 2 );\"><div class=\"fusion-layout-column fusion_builder_column fusion-builder-column-0 fusion_builder_column_1_1 1_1 fusion-flex-column fusion-animated\" style=\"--awb-bg-size:cover;--awb-width-large:100%;--awb-margin-top-large:0px;--awb-spacing-right-large:1.92%;--awb-margin-bottom-large:20px;--awb-spacing-left-large:1.92%;--awb-width-medium:100%;--awb-spacing-right-medium:1.92%;--awb-spacing-left-medium:1.92%;--awb-width-small:100%;--awb-spacing-right-small:1.92%;--awb-spacing-left-small:1.92%;\" data-animationType=\"fadeIn\" data-animationDuration=\"1.0\" data-animationOffset=\"top-into-view\"><div class=\"fusion-column-wrapper fusion-column-has-shadow fusion-flex-justify-content-flex-start fusion-content-layout-column\"><div class=\"fusion-title title fusion-title-1 fusion-sep-none fusion-title-center fusion-title-text fusion-title-size-two\" style=\"--awb-text-color:#219498;--awb-margin-bottom:20px;--awb-margin-top-small:0px;--awb-margin-right-small:0px;--awb-margin-bottom-small:20px;--awb-margin-left-small:0px;--awb-font-size:55px;\"><h2 class=\"fusion-title-heading title-heading-center fusion-responsive-typography-calculated\" style=\"margin:0;font-size:1em;--fontSize:55;line-height:var(--awb-typography1-line-height);\">Imprint &amp; Partner<\/h2><\/div><div class=\"fusion-title title fusion-title-2 fusion-sep-none fusion-title-center fusion-title-text fusion-title-size-three\" style=\"--awb-text-color:var(--awb-custom_color_1);--awb-margin-bottom:40px;--awb-margin-top-small:0px;--awb-margin-right-small:0px;--awb-margin-bottom-small:40px;--awb-margin-left-small:0px;--awb-font-size:var(--awb-typography2-font-size);\"><h3 class=\"fusion-title-heading title-heading-center fusion-responsive-typography-calculated\" style=\"font-family:var(--awb-typography2-font-family);font-weight:var(--awb-typography2-font-weight);font-style:var(--awb-typography2-font-style);margin:0;letter-spacing:var(--awb-typography2-letter-spacing);text-transform:var(--awb-typography2-text-transform);font-size:1em;--fontSize:22;--minFontSize:22;line-height:var(--awb-typography2-line-height);\"><p style=\"text-align: center;\">Detailed information about our hostel in S\u00f6ll am Wilden Kaiser<\/p><\/h3><\/div><div class=\"fusion-image-element \" style=\"text-align:center;--awb-margin-top:0px;--awb-margin-bottom:30px;--awb-max-width:40px;--awb-caption-title-font-family:var(--h2_typography-font-family);--awb-caption-title-font-weight:var(--h2_typography-font-weight);--awb-caption-title-font-style:var(--h2_typography-font-style);--awb-caption-title-size:var(--h2_typography-font-size);--awb-caption-title-transform:var(--h2_typography-text-transform);--awb-caption-title-line-height:var(--h2_typography-line-height);--awb-caption-title-letter-spacing:var(--h2_typography-letter-spacing);\"><span class=\" fusion-imageframe imageframe-none imageframe-1 hover-type-none\"><img decoding=\"async\" width=\"150\" height=\"150\" alt=\"Icon: Apartment Icon of the vacation apartment S\u00f6ll Tirol Wilder Kaiser for your last minute vacation with dog.\" title=\"2022 Symbol WEB\" src=\"https:\/\/www.dorfglueck-bergland.at\/wp-content\/uploads\/2022\/02\/2022_Symbol_WEB.png\" data-orig-src=\"https:\/\/www.dorfglueck-bergland.at\/wp-content\/uploads\/2022\/02\/2022_Symbol_WEB-150x150.png\" class=\"lazyload img-responsive wp-image-9094\" srcset=\"data:image\/svg+xml,%3Csvg%20xmlns%3D%27http%3A%2F%2Fwww.w3.org%2F2000%2Fsvg%27%20width%3D%27540%27%20height%3D%27539%27%20viewBox%3D%270%200%20540%20539%27%3E%3Crect%20width%3D%27540%27%20height%3D%27539%27%20fill-opacity%3D%220%22%2F%3E%3C%2Fsvg%3E\" data-srcset=\"https:\/\/www.dorfglueck-bergland.at\/wp-content\/uploads\/2022\/02\/2022_Symbol_WEB-200x200.png 200w, https:\/\/www.dorfglueck-bergland.at\/wp-content\/uploads\/2022\/02\/2022_Symbol_WEB-400x399.png 400w, https:\/\/www.dorfglueck-bergland.at\/wp-content\/uploads\/2022\/02\/2022_Symbol_WEB.png 540w\" data-sizes=\"auto\" data-orig-sizes=\"(max-width: 800px) 100vw, (max-width: 640px) 100vw, 150px\" \/><\/span><\/div><div class=\"fusion-builder-row fusion-builder-row-inner fusion-row fusion-flex-align-items-stretch fusion-flex-content-wrap\" style=\"--awb-flex-grow:0;--awb-flex-grow-medium:0;--awb-flex-grow-small:0;--awb-flex-shrink:0;--awb-flex-shrink-medium:0;--awb-flex-shrink-small:0;width:104% !important;max-width:104% !important;margin-left: calc(-4% \/ 2 );margin-right: calc(-4% \/ 2 );\"><div class=\"fusion-layout-column fusion_builder_column_inner fusion-builder-nested-column-0 fusion_builder_column_inner_1_4 1_4 fusion-flex-column\" style=\"--awb-bg-size:cover;--awb-width-large:25%;--awb-margin-top-large:0px;--awb-spacing-right-large:7.68%;--awb-margin-bottom-large:20px;--awb-spacing-left-large:7.68%;--awb-width-medium:100%;--awb-order-medium:0;--awb-spacing-right-medium:1.92%;--awb-spacing-left-medium:1.92%;--awb-width-small:100%;--awb-order-small:0;--awb-spacing-right-small:1.92%;--awb-spacing-left-small:1.92%;\"><div class=\"fusion-column-wrapper fusion-column-has-shadow fusion-flex-justify-content-flex-start fusion-content-layout-column\"><\/div><\/div><div class=\"fusion-layout-column fusion_builder_column_inner fusion-builder-nested-column-1 fusion_builder_column_inner_1_2 1_2 fusion-flex-column\" style=\"--awb-bg-size:cover;--awb-width-large:50%;--awb-margin-top-large:0px;--awb-spacing-right-large:3.84%;--awb-margin-bottom-large:20px;--awb-spacing-left-large:3.84%;--awb-width-medium:100%;--awb-order-medium:0;--awb-spacing-right-medium:1.92%;--awb-spacing-left-medium:1.92%;--awb-width-small:100%;--awb-order-small:0;--awb-spacing-right-small:1.92%;--awb-spacing-left-small:1.92%;\"><div class=\"fusion-column-wrapper fusion-column-has-shadow fusion-flex-justify-content-flex-start fusion-content-layout-column\"><div class=\"fusion-text fusion-text-1\" style=\"--awb-text-transform:none;\"><h3 style=\"text-align: center;\"><span style=\"color: #127b7f;\">Information owner:<\/span><\/h3>\n<p style=\"text-align: center;\"><strong>Family Embacher GmbH<br \/>\n<\/strong>Aparthotel Bergland<br \/>\nFamily Embacher<br \/>\nStampfanger 6<br \/>\nA-6306 S\u00f6ll<br \/>\nAustria<\/p>\n<p style=\"text-align: center;\"><strong><em>Address of the hostel:<\/em><\/strong><br \/>\nDorf 106<br \/>\nA-6306 S\u00f6ll in Tirol<\/p>\n<p style=\"text-align: center;\"><strong><em>How to contact our hostel:<br \/>\n<\/em><\/strong>Tel. +43 (0)5333 5454<br \/>\nFax: +43 (0)5333 5454-33<br \/>\nE-Mail: info@dorfglueck-bergland.at<br \/>\nwww.dorfglueck-bergland.at <\/p>\n<p style=\"text-align: center;\">UID No.: ATU67665458<br \/>\nChamber of Commerce member number:<br \/>\nPlace of jurisdiction: Kufstein District Court<\/p>\n<p style=\"text-align: center;\"><strong> <\/strong><\/p>\n<\/div><\/div><\/div><div class=\"fusion-layout-column fusion_builder_column_inner fusion-builder-nested-column-2 fusion_builder_column_inner_1_4 1_4 fusion-flex-column\" style=\"--awb-bg-size:cover;--awb-width-large:25%;--awb-margin-top-large:0px;--awb-spacing-right-large:7.68%;--awb-margin-bottom-large:20px;--awb-spacing-left-large:7.68%;--awb-width-medium:100%;--awb-order-medium:0;--awb-spacing-right-medium:1.92%;--awb-spacing-left-medium:1.92%;--awb-width-small:100%;--awb-order-small:0;--awb-spacing-right-small:1.92%;--awb-spacing-left-small:1.92%;\"><div class=\"fusion-column-wrapper fusion-column-has-shadow fusion-flex-justify-content-flex-start fusion-content-layout-column\"><\/div><\/div><\/div><\/div><\/div><\/div><\/div><div class=\"fusion-fullwidth fullwidth-box fusion-builder-row-2 fusion-flex-container has-pattern-background has-mask-background nonhundred-percent-fullwidth non-hundred-percent-height-scrolling gradient-container-2\" style=\"--awb-border-radius-top-left:0px;--awb-border-radius-top-right:0px;--awb-border-radius-bottom-right:0px;--awb-border-radius-bottom-left:0px;--awb-padding-top:50px;--awb-padding-right:12%;--awb-padding-bottom:40px;--awb-padding-left:12%;--awb-padding-right-medium:50px;--awb-padding-left-medium:50px;--awb-background-image:linear-gradient(180deg, #ffffff 32%,var(--awb-color4) 100%);--awb-flex-wrap:wrap;\" ><div class=\"fusion-builder-row fusion-row fusion-flex-align-items-stretch fusion-flex-content-wrap\" style=\"max-width:1216.8px;margin-left: calc(-4% \/ 2 );margin-right: calc(-4% \/ 2 );\"><div class=\"fusion-layout-column fusion_builder_column fusion-builder-column-1 fusion_builder_column_1_1 1_1 fusion-flex-column fusion-animated\" style=\"--awb-bg-size:cover;--awb-width-large:100%;--awb-margin-top-large:0px;--awb-spacing-right-large:1.92%;--awb-margin-bottom-large:20px;--awb-spacing-left-large:1.92%;--awb-width-medium:100%;--awb-spacing-right-medium:1.92%;--awb-spacing-left-medium:1.92%;--awb-width-small:100%;--awb-spacing-right-small:1.92%;--awb-spacing-left-small:1.92%;\" data-animationType=\"fadeIn\" data-animationDuration=\"1.0\" data-animationOffset=\"top-into-view\"><div class=\"fusion-column-wrapper fusion-column-has-shadow fusion-flex-justify-content-flex-start fusion-content-layout-column\"><div class=\"fusion-builder-row fusion-builder-row-inner fusion-row fusion-flex-align-items-stretch fusion-flex-content-wrap\" style=\"--awb-flex-grow:0;--awb-flex-grow-medium:0;--awb-flex-grow-small:0;--awb-flex-shrink:0;--awb-flex-shrink-medium:0;--awb-flex-shrink-small:0;width:104% !important;max-width:104% !important;margin-left: calc(-4% \/ 2 );margin-right: calc(-4% \/ 2 );\"><div class=\"fusion-layout-column fusion_builder_column_inner fusion-builder-nested-column-3 fusion_builder_column_inner_1_2 1_2 fusion-flex-column\" style=\"--awb-padding-right:15px;--awb-padding-left:15px;--awb-bg-size:cover;--awb-width-large:50%;--awb-margin-top-large:0px;--awb-spacing-right-large:3.84%;--awb-margin-bottom-large:20px;--awb-spacing-left-large:3.84%;--awb-width-medium:100%;--awb-order-medium:0;--awb-spacing-right-medium:1.92%;--awb-spacing-left-medium:1.92%;--awb-width-small:100%;--awb-order-small:0;--awb-spacing-right-small:1.92%;--awb-spacing-left-small:1.92%;\"><div class=\"fusion-column-wrapper fusion-column-has-shadow fusion-flex-justify-content-flex-start fusion-content-layout-column\"><div class=\"fusion-text fusion-text-2\" style=\"--awb-text-transform:none;\"><h3><span style=\"color: #127b7f;\">Bank details:<\/span><\/h3>\n<p>Raiffeisenbank Wilder Kaiser &#8211; Brixental West eGen<br \/>\nAccount no.: 241109<br \/>\nIBAN: AT343624 5000 0424 1105<br \/>\nBIC: RZTIAT 22245<\/p>\n<h3><span style=\"color: #127b7f;\">Data protection declaration:<\/span><\/h3>\n<p style=\"text-align: left;\">The protection of your data is very important to us! You can find all the information you need in our privacy policy: <a href=\"https:\/\/www.dorfglueck-bergland.at\/en\/privacy-policy\/\">Read more<\/a> <\/p>\n<h3><span style=\"color: #127b7f;\">Booking conditions:<\/span><\/h3>\n<p>You can find all the information for your booking here:  <a href=\"https:\/\/www.dorfglueck-bergland.at\/en\/booking-info\/\">Read more<\/a><\/p>\n<h3><\/h3>\n<h3><span style=\"color: #127b7f;\">Copyrights &amp; photo credits:<\/span><\/h3>\n<ul>\n<li>\u00a9 TVB Wilder Kaiser<\/li>\n<li>Julia M\u00fccke<\/li>\n<li>Gian Baeriswyl<\/li>\n<li>Martin Raffeiner<\/li>\n<li>Norbert Eisele-Hein<\/li>\n<li>Manuel Bialucha<\/li>\n<li>Mathaeus Gartner<\/li>\n<li>Albin Niederstrasser<\/li>\n<li>\u00a9 Daniel Reiter<\/li>\n<li>Peter von Felbert<\/li>\n<li>\u00a9 Photography Marie<\/li>\n<li>Sabine Holaubek<\/li>\n<\/ul>\n<p>All images, graphics and texts are protected by copyright. Use is only permitted with our express consent.<\/p>\n<\/div><\/div><\/div><div class=\"fusion-layout-column fusion_builder_column_inner fusion-builder-nested-column-4 fusion_builder_column_inner_1_2 1_2 fusion-flex-column\" style=\"--awb-padding-right:15px;--awb-padding-left:15px;--awb-bg-size:cover;--awb-width-large:50%;--awb-margin-top-large:0px;--awb-spacing-right-large:3.84%;--awb-margin-bottom-large:20px;--awb-spacing-left-large:3.84%;--awb-width-medium:100%;--awb-order-medium:0;--awb-spacing-right-medium:1.92%;--awb-spacing-left-medium:1.92%;--awb-width-small:100%;--awb-order-small:0;--awb-spacing-right-small:1.92%;--awb-spacing-left-small:1.92%;\"><div class=\"fusion-column-wrapper fusion-column-has-shadow fusion-flex-justify-content-flex-start fusion-content-layout-column\"><div class=\"fusion-text fusion-text-3\" style=\"--awb-text-transform:none;\"><h3><span style=\"color: #127b7f;\">Marketing &amp; Website:<\/span><\/h3>\n<p>Website (design, concept, implementation &amp; SEO) &amp; marketing support:<br \/>\n<strong>eTOURISTIK &#8211; Michael Egger e.U.<\/strong><br \/>\npure Hotelmarketing<br \/>\nA-6069 Gnadenwald 65 B<br \/>\n<a href=\"https:\/\/www.etouristik.at\/\" target=\"_blank\" rel=\"noopener\">www.etouristik.at<\/a><\/p>\n<h3><span style=\"color: #127b7f;\">Note:  <\/span><\/h3>\n<p>Duty to inform according to ECG and media law<\/p>\n<h3><span style=\"color: #127b7f;\">Liability:<\/span><\/h3>\n<p>We have carefully checked all content. Nevertheless, we cannot guarantee that the information is correct, complete and up-to-date. <\/p>\n<h3><span style=\"color: #127b7f;\">Information on online dispute resolution pursuant to Art. 14.A bs. 1 ODR-VO: <\/span><\/h3>\n<p>The EU Commission offers the possibility of online dispute resolution on a platform operated by it (so-called &#8220;ODR platform&#8221;). The ODR platform can serve as a point of contact for the out-of-court settlement of disputes arising from online purchase contracts or service contracts. This platform can be accessed via the external link ec.europa.eu\/consumers\/odr.  <\/p>\n<h3><span style=\"color: #127b7f;\">Partner:<\/span><\/h3>\n<div class=\"text\">\n<ul>\n<li style=\"list-style-type: none;\">\n<ul>\n<li>Ski school S\u00f6ll-Hochs\u00f6ll Embacher: <a href=\"http:\/\/www.skischule-soell.com\" target=\"_blank\" rel=\"noopener\">www.skischule-soell.com<\/a><\/li>\n<li>SkiWelt Wilder Kaiser Brixental: <a href=\"http:\/\/www.skiwelt.at\" target=\"_blank\" rel=\"noopener\">www.skiwelt.at<\/a><\/li>\n<li>Hexenwasser Hochs\u00f6ll: <a href=\"http:\/\/www.hexenwasser.at\" target=\"_blank\" rel=\"noopener\">www.hexenwasser.at<\/a><\/li>\n<li>S\u00f6ll refreshes: <a href=\"http:\/\/www.soellerfrischt.at\" target=\"_blank\" rel=\"noopener\">www.soellerfrischt.at<\/a><\/li>\n<\/ul>\n<\/li>\n<\/ul>\n<\/div>\n<\/div><\/div><\/div><\/div><\/div><\/div><\/div><\/div><\/p>\n","protected":false},"excerpt":{"rendered":"","protected":false},"author":1,"featured_media":0,"parent":0,"menu_order":0,"comment_status":"closed","ping_status":"closed","template":"100-width.php","meta":{"footnotes":""},"class_list":["post-9332","page","type-page","status-publish","hentry"],"yoast_head":"<!-- This site is optimized with the Yoast SEO plugin v27.5 - https:\/\/yoast.com\/product\/yoast-seo-wordpress\/ -->\n<title>Imprint of your affordable hostel in the center of S\u00f6ll in Tyrol<\/title>\n<meta name=\"description\" content=\"Imprint of the affordable Hotel Dorfgl\u00fcck right in the center of S\u00f6ll in Tyrol. Affordable vacation at the Wilder Kaiser. \u2713 Free WIFI \u2713 Shopping\" \/>\n<meta name=\"robots\" content=\"noindex, follow, max-snippet:-1, max-image-preview:large, max-video-preview:-1\" \/>\n<meta property=\"og:locale\" content=\"en_US\" \/>\n<meta property=\"og:type\" content=\"article\" \/>\n<meta property=\"og:title\" content=\"Imprint of your affordable hostel in the center of S\u00f6ll in Tyrol\" \/>\n<meta property=\"og:description\" content=\"Imprint of the affordable Hotel Dorfgl\u00fcck right in the center of S\u00f6ll in Tyrol. Affordable vacation at the Wilder Kaiser. \u2713 Free WIFI \u2713 Shopping\" \/>\n<meta property=\"og:url\" content=\"https:\/\/www.dorfglueck-bergland.at\/en\/imprint-partner\/\" \/>\n<meta property=\"og:site_name\" content=\"Bergland Dorfgl\u00fcck\" \/>\n<meta property=\"article:modified_time\" content=\"2026-04-30T12:45:33+00:00\" \/>\n<meta name=\"twitter:card\" content=\"summary_large_image\" \/>\n<meta name=\"twitter:label1\" content=\"Est. reading time\" \/>\n\t<meta name=\"twitter:data1\" content=\"2 minutes\" \/>\n<script type=\"application\/ld+json\" class=\"yoast-schema-graph\">{\"@context\":\"https:\\\/\\\/schema.org\",\"@graph\":[{\"@type\":\"WebPage\",\"@id\":\"https:\\\/\\\/www.dorfglueck-bergland.at\\\/en\\\/imprint-partner\\\/\",\"url\":\"https:\\\/\\\/www.dorfglueck-bergland.at\\\/en\\\/imprint-partner\\\/\",\"name\":\"Imprint of your affordable hostel in the center of S\u00f6ll in Tyrol\",\"isPartOf\":{\"@id\":\"https:\\\/\\\/www.dorfglueck-bergland.at\\\/en\\\/#website\"},\"datePublished\":\"2022-04-27T19:08:05+00:00\",\"dateModified\":\"2026-04-30T12:45:33+00:00\",\"description\":\"Imprint of the affordable Hotel Dorfgl\u00fcck right in the center of S\u00f6ll in Tyrol. Affordable vacation at the Wilder Kaiser. \u2713 Free WIFI \u2713 Shopping\",\"breadcrumb\":{\"@id\":\"https:\\\/\\\/www.dorfglueck-bergland.at\\\/en\\\/imprint-partner\\\/#breadcrumb\"},\"inLanguage\":\"en-US\",\"potentialAction\":[{\"@type\":\"ReadAction\",\"target\":[\"https:\\\/\\\/www.dorfglueck-bergland.at\\\/en\\\/imprint-partner\\\/\"]}]},{\"@type\":\"BreadcrumbList\",\"@id\":\"https:\\\/\\\/www.dorfglueck-bergland.at\\\/en\\\/imprint-partner\\\/#breadcrumb\",\"itemListElement\":[{\"@type\":\"ListItem\",\"position\":1,\"name\":\"Startseite\",\"item\":\"https:\\\/\\\/www.dorfglueck-bergland.at\\\/en\\\/\"},{\"@type\":\"ListItem\",\"position\":2,\"name\":\"DG Imprint\"}]},{\"@type\":\"WebSite\",\"@id\":\"https:\\\/\\\/www.dorfglueck-bergland.at\\\/en\\\/#website\",\"url\":\"https:\\\/\\\/www.dorfglueck-bergland.at\\\/en\\\/\",\"name\":\"Bergland Dorfgl\u00fcck\",\"description\":\"G\u00fcnstiges Hostel in S\u00f6ll am Wilden Kaiser\",\"potentialAction\":[{\"@type\":\"SearchAction\",\"target\":{\"@type\":\"EntryPoint\",\"urlTemplate\":\"https:\\\/\\\/www.dorfglueck-bergland.at\\\/en\\\/?s={search_term_string}\"},\"query-input\":{\"@type\":\"PropertyValueSpecification\",\"valueRequired\":true,\"valueName\":\"search_term_string\"}}],\"inLanguage\":\"en-US\"}]}<\/script>\n<!-- \/ Yoast SEO plugin. -->","yoast_head_json":{"title":"Imprint of your affordable hostel in the center of S\u00f6ll in Tyrol","description":"Imprint of the affordable Hotel Dorfgl\u00fcck right in the center of S\u00f6ll in Tyrol. Affordable vacation at the Wilder Kaiser. \u2713 Free WIFI \u2713 Shopping","robots":{"index":"noindex","follow":"follow","max-snippet":"max-snippet:-1","max-image-preview":"max-image-preview:large","max-video-preview":"max-video-preview:-1"},"og_locale":"en_US","og_type":"article","og_title":"Imprint of your affordable hostel in the center of S\u00f6ll in Tyrol","og_description":"Imprint of the affordable Hotel Dorfgl\u00fcck right in the center of S\u00f6ll in Tyrol. Affordable vacation at the Wilder Kaiser. \u2713 Free WIFI \u2713 Shopping","og_url":"https:\/\/www.dorfglueck-bergland.at\/en\/imprint-partner\/","og_site_name":"Bergland Dorfgl\u00fcck","article_modified_time":"2026-04-30T12:45:33+00:00","twitter_card":"summary_large_image","twitter_misc":{"Est. reading time":"2 minutes"},"schema":{"@context":"https:\/\/schema.org","@graph":[{"@type":"WebPage","@id":"https:\/\/www.dorfglueck-bergland.at\/en\/imprint-partner\/","url":"https:\/\/www.dorfglueck-bergland.at\/en\/imprint-partner\/","name":"Imprint of your affordable hostel in the center of S\u00f6ll in Tyrol","isPartOf":{"@id":"https:\/\/www.dorfglueck-bergland.at\/en\/#website"},"datePublished":"2022-04-27T19:08:05+00:00","dateModified":"2026-04-30T12:45:33+00:00","description":"Imprint of the affordable Hotel Dorfgl\u00fcck right in the center of S\u00f6ll in Tyrol. Affordable vacation at the Wilder Kaiser. \u2713 Free WIFI \u2713 Shopping","breadcrumb":{"@id":"https:\/\/www.dorfglueck-bergland.at\/en\/imprint-partner\/#breadcrumb"},"inLanguage":"en-US","potentialAction":[{"@type":"ReadAction","target":["https:\/\/www.dorfglueck-bergland.at\/en\/imprint-partner\/"]}]},{"@type":"BreadcrumbList","@id":"https:\/\/www.dorfglueck-bergland.at\/en\/imprint-partner\/#breadcrumb","itemListElement":[{"@type":"ListItem","position":1,"name":"Startseite","item":"https:\/\/www.dorfglueck-bergland.at\/en\/"},{"@type":"ListItem","position":2,"name":"DG Imprint"}]},{"@type":"WebSite","@id":"https:\/\/www.dorfglueck-bergland.at\/en\/#website","url":"https:\/\/www.dorfglueck-bergland.at\/en\/","name":"Bergland Dorfgl\u00fcck","description":"G\u00fcnstiges Hostel in S\u00f6ll am Wilden Kaiser","potentialAction":[{"@type":"SearchAction","target":{"@type":"EntryPoint","urlTemplate":"https:\/\/www.dorfglueck-bergland.at\/en\/?s={search_term_string}"},"query-input":{"@type":"PropertyValueSpecification","valueRequired":true,"valueName":"search_term_string"}}],"inLanguage":"en-US"}]}},"_links":{"self":[{"href":"https:\/\/www.dorfglueck-bergland.at\/en\/wp-json\/wp\/v2\/pages\/9332","targetHints":{"allow":["GET"]}}],"collection":[{"href":"https:\/\/www.dorfglueck-bergland.at\/en\/wp-json\/wp\/v2\/pages"}],"about":[{"href":"https:\/\/www.dorfglueck-bergland.at\/en\/wp-json\/wp\/v2\/types\/page"}],"author":[{"embeddable":true,"href":"https:\/\/www.dorfglueck-bergland.at\/en\/wp-json\/wp\/v2\/users\/1"}],"replies":[{"embeddable":true,"href":"https:\/\/www.dorfglueck-bergland.at\/en\/wp-json\/wp\/v2\/comments?post=9332"}],"version-history":[{"count":70,"href":"https:\/\/www.dorfglueck-bergland.at\/en\/wp-json\/wp\/v2\/pages\/9332\/revisions"}],"predecessor-version":[{"id":16297,"href":"https:\/\/www.dorfglueck-bergland.at\/en\/wp-json\/wp\/v2\/pages\/9332\/revisions\/16297"}],"wp:attachment":[{"href":"https:\/\/www.dorfglueck-bergland.at\/en\/wp-json\/wp\/v2\/media?parent=9332"}],"curies":[{"name":"wp","href":"https:\/\/api.w.org\/{rel}","templated":true}]}}