{"id":9314,"date":"2022-04-27T19:08:02","date_gmt":"2022-04-27T19:08:02","guid":{"rendered":"https:\/\/www.dorfglueck-bergland.at\/privacy-policy\/"},"modified":"2026-04-30T20:31:03","modified_gmt":"2026-04-30T20:31:03","slug":"privacy-policy","status":"publish","type":"page","link":"https:\/\/www.dorfglueck-bergland.at\/en\/privacy-policy\/","title":{"rendered":"DG Privacy Policy"},"content":{"rendered":"<p><div class=\"fusion-fullwidth fullwidth-box fusion-builder-row-1 fusion-flex-container has-pattern-background has-mask-background nonhundred-percent-fullwidth non-hundred-percent-height-scrolling gradient-container-1\" style=\"--awb-border-radius-top-left:0px;--awb-border-radius-top-right:0px;--awb-border-radius-bottom-right:0px;--awb-border-radius-bottom-left:0px;--awb-padding-top:90px;--awb-padding-right:12%;--awb-padding-bottom:20px;--awb-padding-left:12%;--awb-padding-right-medium:50px;--awb-padding-left-medium:50px;--awb-background-image:linear-gradient(180deg, #ffffff 32%,var(--awb-color4) 100%);--awb-flex-wrap:wrap;\" ><div class=\"fusion-builder-row fusion-row fusion-flex-align-items-stretch fusion-flex-content-wrap\" style=\"max-width:1216.8px;margin-left: calc(-4% \/ 2 );margin-right: calc(-4% \/ 2 );\"><div class=\"fusion-layout-column fusion_builder_column fusion-builder-column-0 fusion_builder_column_1_1 1_1 fusion-flex-column fusion-animated\" style=\"--awb-bg-size:cover;--awb-width-large:100%;--awb-margin-top-large:0px;--awb-spacing-right-large:1.92%;--awb-margin-bottom-large:20px;--awb-spacing-left-large:1.92%;--awb-width-medium:100%;--awb-spacing-right-medium:1.92%;--awb-spacing-left-medium:1.92%;--awb-width-small:100%;--awb-spacing-right-small:1.92%;--awb-spacing-left-small:1.92%;\" data-animationType=\"fadeIn\" data-animationDuration=\"1.0\" data-animationOffset=\"top-into-view\"><div class=\"fusion-column-wrapper fusion-column-has-shadow fusion-flex-justify-content-flex-start fusion-content-layout-column\"><div class=\"fusion-title title fusion-title-1 fusion-sep-none fusion-title-center fusion-title-text fusion-title-size-two\" style=\"--awb-text-color:#219498;--awb-margin-bottom:20px;--awb-margin-top-small:0px;--awb-margin-right-small:0px;--awb-margin-bottom-small:20px;--awb-margin-left-small:0px;--awb-font-size:55px;\"><h2 class=\"fusion-title-heading title-heading-center fusion-responsive-typography-calculated\" style=\"margin:0;font-size:1em;--fontSize:55;line-height:var(--awb-typography1-line-height);\">Privacy policy<\/h2><\/div><div class=\"fusion-title title fusion-title-2 fusion-sep-none fusion-title-center fusion-title-text fusion-title-size-three\" style=\"--awb-text-color:var(--awb-custom_color_1);--awb-margin-bottom:40px;--awb-margin-top-small:0px;--awb-margin-right-small:0px;--awb-margin-bottom-small:40px;--awb-margin-left-small:0px;--awb-font-size:var(--awb-typography2-font-size);\"><h3 class=\"fusion-title-heading title-heading-center fusion-responsive-typography-calculated\" style=\"font-family:var(--awb-typography2-font-family);font-weight:var(--awb-typography2-font-weight);font-style:var(--awb-typography2-font-style);margin:0;letter-spacing:var(--awb-typography2-letter-spacing);text-transform:var(--awb-typography2-text-transform);font-size:1em;--fontSize:22;--minFontSize:22;line-height:var(--awb-typography2-line-height);\">Data protection at the inexpensive hostel in S\u00f6ll<\/h3><\/div><div class=\"fusion-image-element \" style=\"text-align:center;--awb-margin-top:0px;--awb-margin-bottom:30px;--awb-max-width:40px;--awb-caption-title-font-family:var(--h2_typography-font-family);--awb-caption-title-font-weight:var(--h2_typography-font-weight);--awb-caption-title-font-style:var(--h2_typography-font-style);--awb-caption-title-size:var(--h2_typography-font-size);--awb-caption-title-transform:var(--h2_typography-text-transform);--awb-caption-title-line-height:var(--h2_typography-line-height);--awb-caption-title-letter-spacing:var(--h2_typography-letter-spacing);\"><span class=\" fusion-imageframe imageframe-none imageframe-1 hover-type-none\"><img decoding=\"async\" width=\"150\" height=\"150\" alt=\"Icon: Apartment Icon of the vacation apartment S\u00f6ll Tirol Wilder Kaiser for your last minute vacation with dog.\" title=\"2022 Symbol WEB\" src=\"https:\/\/www.dorfglueck-bergland.at\/wp-content\/uploads\/2022\/02\/2022_Symbol_WEB.png\" data-orig-src=\"https:\/\/www.dorfglueck-bergland.at\/wp-content\/uploads\/2022\/02\/2022_Symbol_WEB-150x150.png\" class=\"lazyload img-responsive wp-image-9094\" srcset=\"data:image\/svg+xml,%3Csvg%20xmlns%3D%27http%3A%2F%2Fwww.w3.org%2F2000%2Fsvg%27%20width%3D%27540%27%20height%3D%27539%27%20viewBox%3D%270%200%20540%20539%27%3E%3Crect%20width%3D%27540%27%20height%3D%27539%27%20fill-opacity%3D%220%22%2F%3E%3C%2Fsvg%3E\" data-srcset=\"https:\/\/www.dorfglueck-bergland.at\/wp-content\/uploads\/2022\/02\/2022_Symbol_WEB-200x200.png 200w, https:\/\/www.dorfglueck-bergland.at\/wp-content\/uploads\/2022\/02\/2022_Symbol_WEB-400x399.png 400w, https:\/\/www.dorfglueck-bergland.at\/wp-content\/uploads\/2022\/02\/2022_Symbol_WEB.png 540w\" data-sizes=\"auto\" data-orig-sizes=\"(max-width: 800px) 100vw, (max-width: 640px) 100vw, 150px\" \/><\/span><\/div><div class=\"fusion-builder-row fusion-builder-row-inner fusion-row fusion-flex-align-items-stretch fusion-flex-content-wrap\" style=\"--awb-flex-grow:0;--awb-flex-grow-medium:0;--awb-flex-grow-small:0;--awb-flex-shrink:0;--awb-flex-shrink-medium:0;--awb-flex-shrink-small:0;width:104% !important;max-width:104% !important;margin-left: calc(-4% \/ 2 );margin-right: calc(-4% \/ 2 );\"><div class=\"fusion-layout-column fusion_builder_column_inner fusion-builder-nested-column-0 fusion_builder_column_inner_1_4 1_4 fusion-flex-column\" style=\"--awb-bg-size:cover;--awb-width-large:25%;--awb-margin-top-large:0px;--awb-spacing-right-large:7.68%;--awb-margin-bottom-large:20px;--awb-spacing-left-large:7.68%;--awb-width-medium:100%;--awb-order-medium:0;--awb-spacing-right-medium:1.92%;--awb-spacing-left-medium:1.92%;--awb-width-small:100%;--awb-order-small:0;--awb-spacing-right-small:1.92%;--awb-spacing-left-small:1.92%;\"><div class=\"fusion-column-wrapper fusion-column-has-shadow fusion-flex-justify-content-flex-start fusion-content-layout-column\"><\/div><\/div><div class=\"fusion-layout-column fusion_builder_column_inner fusion-builder-nested-column-1 fusion_builder_column_inner_1_2 1_2 fusion-flex-column\" style=\"--awb-bg-size:cover;--awb-width-large:50%;--awb-margin-top-large:0px;--awb-spacing-right-large:3.84%;--awb-margin-bottom-large:20px;--awb-spacing-left-large:3.84%;--awb-width-medium:100%;--awb-order-medium:0;--awb-spacing-right-medium:1.92%;--awb-spacing-left-medium:1.92%;--awb-width-small:100%;--awb-order-small:0;--awb-spacing-right-small:1.92%;--awb-spacing-left-small:1.92%;\"><div class=\"fusion-column-wrapper fusion-column-has-shadow fusion-flex-justify-content-flex-start fusion-content-layout-column\"><div class=\"fusion-text fusion-text-1\" style=\"--awb-content-alignment:center;--awb-text-transform:none;\"><p style=\"text-align: center;\"><strong>Here we inform you about data protection!<\/strong><\/p>\n<p>Here you can get a quick overview of how we handle your data.<\/p>\n<p>As with almost every website, some technical information is automatically collected when you visit us. To be honest, this is almost impossible to avoid on the Internet. However, it is important to us that we really only collect what we need.<\/p>\n<\/div><\/div><\/div><div class=\"fusion-layout-column fusion_builder_column_inner fusion-builder-nested-column-2 fusion_builder_column_inner_1_4 1_4 fusion-flex-column\" style=\"--awb-bg-size:cover;--awb-width-large:25%;--awb-margin-top-large:0px;--awb-spacing-right-large:7.68%;--awb-margin-bottom-large:20px;--awb-spacing-left-large:7.68%;--awb-width-medium:100%;--awb-order-medium:0;--awb-spacing-right-medium:1.92%;--awb-spacing-left-medium:1.92%;--awb-width-small:100%;--awb-order-small:0;--awb-spacing-right-small:1.92%;--awb-spacing-left-small:1.92%;\"><div class=\"fusion-column-wrapper fusion-column-has-shadow fusion-flex-justify-content-flex-start fusion-content-layout-column\"><\/div><\/div><\/div><\/div><\/div><\/div><\/div><div class=\"fusion-fullwidth fullwidth-box fusion-builder-row-2 fusion-flex-container has-pattern-background has-mask-background fusion-parallax-none hundred-percent-fullwidth non-hundred-percent-height-scrolling lazyload gradient-container-2\" style=\"--awb-border-radius-top-left:0px;--awb-border-radius-top-right:0px;--awb-border-radius-bottom-right:0px;--awb-border-radius-bottom-left:0px;--awb-padding-top:620px;--awb-padding-right:0px;--awb-padding-bottom:0px;--awb-padding-left:0px;--awb-padding-top-medium:300px;--awb-padding-left-medium:4%;--awb-padding-top-small:300px;--awb-background-size:cover;--awb-flex-wrap:wrap;\" data-bg=\"https:\/\/www.dorfglueck-bergland.at\/wp-content\/uploads\/2026\/04\/spacer-3-Leute-beim-essen-hostel-soell-tirol.jpg\" ><div class=\"fusion-builder-row fusion-row fusion-flex-align-items-stretch fusion-flex-justify-content-space-between fusion-flex-content-wrap\" style=\"width:104% !important;max-width:104% !important;margin-left: calc(-4% \/ 2 );margin-right: calc(-4% \/ 2 );\"><div class=\"fusion-layout-column fusion_builder_column fusion-builder-column-1 fusion_builder_column_1_1 1_1 fusion-flex-column\" style=\"--awb-bg-size:cover;--awb-width-large:100%;--awb-margin-top-large:0px;--awb-spacing-right-large:1.92%;--awb-margin-bottom-large:0px;--awb-spacing-left-large:1.92%;--awb-width-medium:100%;--awb-order-medium:0;--awb-spacing-right-medium:1.92%;--awb-spacing-left-medium:1.92%;--awb-width-small:100%;--awb-order-small:0;--awb-spacing-right-small:1.92%;--awb-spacing-left-small:1.92%;\"><div class=\"fusion-column-wrapper fusion-column-has-shadow fusion-flex-justify-content-flex-end fusion-content-layout-column\"><\/div><\/div><\/div><\/div><div class=\"fusion-fullwidth fullwidth-box fusion-builder-row-3 fusion-flex-container has-pattern-background has-mask-background nonhundred-percent-fullwidth non-hundred-percent-height-scrolling gradient-container-3\" style=\"--awb-border-radius-top-left:0px;--awb-border-radius-top-right:0px;--awb-border-radius-bottom-right:0px;--awb-border-radius-bottom-left:0px;--awb-padding-top:50px;--awb-padding-right:12%;--awb-padding-bottom:40px;--awb-padding-left:12%;--awb-padding-right-medium:50px;--awb-padding-left-medium:50px;--awb-background-image:linear-gradient(180deg, #ffffff 32%,var(--awb-color4) 100%);--awb-flex-wrap:wrap;\" ><div class=\"fusion-builder-row fusion-row fusion-flex-align-items-stretch fusion-flex-content-wrap\" style=\"max-width:1216.8px;margin-left: calc(-4% \/ 2 );margin-right: calc(-4% \/ 2 );\"><div class=\"fusion-layout-column fusion_builder_column fusion-builder-column-2 fusion_builder_column_1_1 1_1 fusion-flex-column fusion-animated\" style=\"--awb-bg-size:cover;--awb-width-large:100%;--awb-margin-top-large:0px;--awb-spacing-right-large:1.92%;--awb-margin-bottom-large:20px;--awb-spacing-left-large:1.92%;--awb-width-medium:100%;--awb-spacing-right-medium:1.92%;--awb-spacing-left-medium:1.92%;--awb-width-small:100%;--awb-spacing-right-small:1.92%;--awb-spacing-left-small:1.92%;\" data-animationType=\"fadeIn\" data-animationDuration=\"1.0\" data-animationOffset=\"top-into-view\"><div class=\"fusion-column-wrapper fusion-column-has-shadow fusion-flex-justify-content-flex-start fusion-content-layout-column\"><div class=\"fusion-builder-row fusion-builder-row-inner fusion-row fusion-flex-align-items-stretch fusion-flex-content-wrap\" style=\"--awb-flex-grow:0;--awb-flex-grow-medium:0;--awb-flex-grow-small:0;--awb-flex-shrink:0;--awb-flex-shrink-medium:0;--awb-flex-shrink-small:0;width:104% !important;max-width:104% !important;margin-left: calc(-4% \/ 2 );margin-right: calc(-4% \/ 2 );\"><div class=\"fusion-layout-column fusion_builder_column_inner fusion-builder-nested-column-3 fusion_builder_column_inner_1_2 1_2 fusion-flex-column\" style=\"--awb-padding-right:15px;--awb-padding-left:15px;--awb-bg-size:cover;--awb-width-large:50%;--awb-margin-top-large:0px;--awb-spacing-right-large:3.84%;--awb-margin-bottom-large:20px;--awb-spacing-left-large:3.84%;--awb-width-medium:100%;--awb-order-medium:0;--awb-spacing-right-medium:1.92%;--awb-spacing-left-medium:1.92%;--awb-width-small:100%;--awb-order-small:0;--awb-spacing-right-small:1.92%;--awb-spacing-left-small:1.92%;\"><div class=\"fusion-column-wrapper fusion-column-has-shadow fusion-flex-justify-content-flex-start fusion-content-layout-column\"><div class=\"fusion-text fusion-text-2\" style=\"--awb-text-transform:none;\"><p>The data is stored anonymously and helps us to improve our website step by step. For example, so that you can find what you&#8217;re looking for more quickly &#8211; whether you&#8217;re looking for a cheap hostel in S\u00f6ll, want a cheap vacation in S\u00f6ll or just want to see what awaits you here at the Wilder Kaiser in Tyrol. <\/p>\n<p>If you want to go into more detail, you can find the exact information here:<\/p>\n<h3>Visitor analysis<\/h3>\n<p>We look at how our website is used &#8211; but without identifying you personally. We use the Google Site Kit tool for this purpose. It shows us, for example, which pages are visited frequently, where visitors enter and when they leave. Things such as browser type, approximate country of origin or the duration of your visit are also recorded.   <\/p>\n<p>Important: Your IP address is immediately anonymized. This means that we cannot trace who exactly is behind a visit. <\/p>\n<p>The data remains on our own server in the EU and is not passed on. They simply help us to improve our offer &#8211; especially for groups of friends or solo travelers who are consciously looking for affordable accommodation in S\u00f6ll Tirol and value uncomplicated social living. <\/p>\n<p>In addition, our server automatically saves technical access data. However, we only look at this data if an error occurs somewhere. Otherwise they simply remain in the background.  <\/p>\n<h3>Cookies<\/h3>\n<p>Cookies are used on our website. Without them, some things would simply not work. <\/p>\n<p>For example, we need them for map views or our booking solution. The resulting information is transferred to the respective providers. <\/p>\n<p>You can deactivate cookies in your browser at any time. However, individual functions may then no longer work properly.<\/p>\n<\/div><\/div><\/div><div class=\"fusion-layout-column fusion_builder_column_inner fusion-builder-nested-column-4 fusion_builder_column_inner_1_2 1_2 fusion-flex-column\" style=\"--awb-padding-right:15px;--awb-padding-left:15px;--awb-bg-size:cover;--awb-width-large:50%;--awb-margin-top-large:0px;--awb-spacing-right-large:3.84%;--awb-margin-bottom-large:20px;--awb-spacing-left-large:3.84%;--awb-width-medium:100%;--awb-order-medium:0;--awb-spacing-right-medium:1.92%;--awb-spacing-left-medium:1.92%;--awb-width-small:100%;--awb-order-small:0;--awb-spacing-right-small:1.92%;--awb-spacing-left-small:1.92%;\"><div class=\"fusion-column-wrapper fusion-column-has-shadow fusion-flex-justify-content-flex-start fusion-content-layout-column\"><div class=\"fusion-text fusion-text-3\" style=\"--awb-text-transform:none;\"><h3>Contact and inquiry forms<\/h3>\n<p>If you write to us using a form, we will save your details so that we can reply to you.<\/p>\n<p>Your data will be stored in our hotel software Casablanca and will only be used to process your request. For example, if you request a quote or would like more information. <\/p>\n<p>You can revoke your consent at any time. And a little tip: Please do not enter any sensitive data in the message field. <\/p>\n<h3>Online booking<\/h3>\n<p>If you would like to book directly, you will be redirected to our booking page.<\/p>\n<p>This is operated by Feratel, a provider from Innsbruck in Tyrol. The data protection provisions of Feratel apply to the processing. <\/p>\n<h3>Newsletter<\/h3>\n<p>When you subscribe to our newsletter, we save your name and e-mail address.<\/p>\n<p>Shipping is also handled by Casablanca. After registering, you will receive a confirmation e-mail &#8211; you are only really registered when you click on it. <\/p>\n<p>And you can unsubscribe just as easily: One click in the newsletter is enough.<\/p>\n<h3>External references<\/h3>\n<p>You will also find links to other sites on our website.<\/p>\n<p>We cannot accept any responsibility for their content and the handling of data &#8211; the rules of the respective providers apply.<\/p>\n<h3>Your right<\/h3>\n<p>You have the right to know what data we have stored about you at any time.<\/p>\n<p>You can also have your data corrected, deleted or object to processing. If you would like to use any of these options, simply contact us: <\/p>\n<p>Embacher family, Tel. +43 (0)5333 5454<\/p>\n<p>E-mail: info@dorfglueck-bergland.at<\/p>\n<p>No matter whether it&#8217;s about data protection or your next stay &#8211; for example, if you want a cheap vacation in S\u00f6ll, are looking for a community hostel with a shared kitchen or are simply curious about what social living in the Wilder Kaiser feels like.<\/p>\n<p>Just write to us.<\/p>\n<\/div><\/div><\/div><\/div><\/div><\/div><\/div><\/div><\/p>\n","protected":false},"excerpt":{"rendered":"","protected":false},"author":1,"featured_media":0,"parent":0,"menu_order":0,"comment_status":"closed","ping_status":"closed","template":"100-width.php","meta":{"footnotes":""},"class_list":["post-9314","page","type-page","status-publish","hentry"],"yoast_head":"<!-- This site is optimized with the Yoast SEO plugin v27.5 - https:\/\/yoast.com\/product\/yoast-seo-wordpress\/ -->\n<title>Data protection at the affordable hostel in S\u00f6ll am Wilden Kaiser<\/title>\n<meta name=\"description\" content=\"Data protection declaration of the affordable hostel right in the center of S\u00f6ll in Tyrol. \u2713 free WIFI \u2713 shopping next door \u2713 in the hiking area\" \/>\n<meta name=\"robots\" content=\"noindex, follow, max-snippet:-1, max-image-preview:large, max-video-preview:-1\" \/>\n<meta property=\"og:locale\" content=\"en_US\" \/>\n<meta property=\"og:type\" content=\"article\" \/>\n<meta property=\"og:title\" content=\"Data protection at the affordable hostel in S\u00f6ll am Wilden Kaiser\" \/>\n<meta property=\"og:description\" content=\"Data protection declaration of the affordable hostel right in the center of S\u00f6ll in Tyrol. \u2713 free WIFI \u2713 shopping next door \u2713 in the hiking area\" \/>\n<meta property=\"og:url\" content=\"https:\/\/www.dorfglueck-bergland.at\/en\/privacy-policy\/\" \/>\n<meta property=\"og:site_name\" content=\"Bergland Dorfgl\u00fcck\" \/>\n<meta property=\"article:modified_time\" content=\"2026-04-30T20:31:03+00:00\" \/>\n<meta name=\"twitter:card\" content=\"summary_large_image\" \/>\n<meta name=\"twitter:label1\" content=\"Est. reading time\" \/>\n\t<meta name=\"twitter:data1\" content=\"26 minutes\" \/>\n<script type=\"application\/ld+json\" class=\"yoast-schema-graph\">{\"@context\":\"https:\\\/\\\/schema.org\",\"@graph\":[{\"@type\":\"WebPage\",\"@id\":\"https:\\\/\\\/www.dorfglueck-bergland.at\\\/en\\\/privacy-policy\\\/\",\"url\":\"https:\\\/\\\/www.dorfglueck-bergland.at\\\/en\\\/privacy-policy\\\/\",\"name\":\"Data protection at the affordable hostel in S\u00f6ll am Wilden Kaiser\",\"isPartOf\":{\"@id\":\"https:\\\/\\\/www.dorfglueck-bergland.at\\\/en\\\/#website\"},\"datePublished\":\"2022-04-27T19:08:02+00:00\",\"dateModified\":\"2026-04-30T20:31:03+00:00\",\"description\":\"Data protection declaration of the affordable hostel right in the center of S\u00f6ll in Tyrol. \u2713 free WIFI \u2713 shopping next door \u2713 in the hiking area\",\"breadcrumb\":{\"@id\":\"https:\\\/\\\/www.dorfglueck-bergland.at\\\/en\\\/privacy-policy\\\/#breadcrumb\"},\"inLanguage\":\"en-US\",\"potentialAction\":[{\"@type\":\"ReadAction\",\"target\":[\"https:\\\/\\\/www.dorfglueck-bergland.at\\\/en\\\/privacy-policy\\\/\"]}]},{\"@type\":\"BreadcrumbList\",\"@id\":\"https:\\\/\\\/www.dorfglueck-bergland.at\\\/en\\\/privacy-policy\\\/#breadcrumb\",\"itemListElement\":[{\"@type\":\"ListItem\",\"position\":1,\"name\":\"Startseite\",\"item\":\"https:\\\/\\\/www.dorfglueck-bergland.at\\\/en\\\/\"},{\"@type\":\"ListItem\",\"position\":2,\"name\":\"DG Privacy Policy\"}]},{\"@type\":\"WebSite\",\"@id\":\"https:\\\/\\\/www.dorfglueck-bergland.at\\\/en\\\/#website\",\"url\":\"https:\\\/\\\/www.dorfglueck-bergland.at\\\/en\\\/\",\"name\":\"Bergland Dorfgl\u00fcck\",\"description\":\"G\u00fcnstiges Hostel in S\u00f6ll am Wilden Kaiser\",\"potentialAction\":[{\"@type\":\"SearchAction\",\"target\":{\"@type\":\"EntryPoint\",\"urlTemplate\":\"https:\\\/\\\/www.dorfglueck-bergland.at\\\/en\\\/?s={search_term_string}\"},\"query-input\":{\"@type\":\"PropertyValueSpecification\",\"valueRequired\":true,\"valueName\":\"search_term_string\"}}],\"inLanguage\":\"en-US\"}]}<\/script>\n<!-- \/ Yoast SEO plugin. -->","yoast_head_json":{"title":"Data protection at the affordable hostel in S\u00f6ll am Wilden Kaiser","description":"Data protection declaration of the affordable hostel right in the center of S\u00f6ll in Tyrol. \u2713 free WIFI \u2713 shopping next door \u2713 in the hiking area","robots":{"index":"noindex","follow":"follow","max-snippet":"max-snippet:-1","max-image-preview":"max-image-preview:large","max-video-preview":"max-video-preview:-1"},"og_locale":"en_US","og_type":"article","og_title":"Data protection at the affordable hostel in S\u00f6ll am Wilden Kaiser","og_description":"Data protection declaration of the affordable hostel right in the center of S\u00f6ll in Tyrol. \u2713 free WIFI \u2713 shopping next door \u2713 in the hiking area","og_url":"https:\/\/www.dorfglueck-bergland.at\/en\/privacy-policy\/","og_site_name":"Bergland Dorfgl\u00fcck","article_modified_time":"2026-04-30T20:31:03+00:00","twitter_card":"summary_large_image","twitter_misc":{"Est. reading time":"26 minutes"},"schema":{"@context":"https:\/\/schema.org","@graph":[{"@type":"WebPage","@id":"https:\/\/www.dorfglueck-bergland.at\/en\/privacy-policy\/","url":"https:\/\/www.dorfglueck-bergland.at\/en\/privacy-policy\/","name":"Data protection at the affordable hostel in S\u00f6ll am Wilden Kaiser","isPartOf":{"@id":"https:\/\/www.dorfglueck-bergland.at\/en\/#website"},"datePublished":"2022-04-27T19:08:02+00:00","dateModified":"2026-04-30T20:31:03+00:00","description":"Data protection declaration of the affordable hostel right in the center of S\u00f6ll in Tyrol. \u2713 free WIFI \u2713 shopping next door \u2713 in the hiking area","breadcrumb":{"@id":"https:\/\/www.dorfglueck-bergland.at\/en\/privacy-policy\/#breadcrumb"},"inLanguage":"en-US","potentialAction":[{"@type":"ReadAction","target":["https:\/\/www.dorfglueck-bergland.at\/en\/privacy-policy\/"]}]},{"@type":"BreadcrumbList","@id":"https:\/\/www.dorfglueck-bergland.at\/en\/privacy-policy\/#breadcrumb","itemListElement":[{"@type":"ListItem","position":1,"name":"Startseite","item":"https:\/\/www.dorfglueck-bergland.at\/en\/"},{"@type":"ListItem","position":2,"name":"DG Privacy Policy"}]},{"@type":"WebSite","@id":"https:\/\/www.dorfglueck-bergland.at\/en\/#website","url":"https:\/\/www.dorfglueck-bergland.at\/en\/","name":"Bergland Dorfgl\u00fcck","description":"G\u00fcnstiges Hostel in S\u00f6ll am Wilden Kaiser","potentialAction":[{"@type":"SearchAction","target":{"@type":"EntryPoint","urlTemplate":"https:\/\/www.dorfglueck-bergland.at\/en\/?s={search_term_string}"},"query-input":{"@type":"PropertyValueSpecification","valueRequired":true,"valueName":"search_term_string"}}],"inLanguage":"en-US"}]}},"_links":{"self":[{"href":"https:\/\/www.dorfglueck-bergland.at\/en\/wp-json\/wp\/v2\/pages\/9314","targetHints":{"allow":["GET"]}}],"collection":[{"href":"https:\/\/www.dorfglueck-bergland.at\/en\/wp-json\/wp\/v2\/pages"}],"about":[{"href":"https:\/\/www.dorfglueck-bergland.at\/en\/wp-json\/wp\/v2\/types\/page"}],"author":[{"embeddable":true,"href":"https:\/\/www.dorfglueck-bergland.at\/en\/wp-json\/wp\/v2\/users\/1"}],"replies":[{"embeddable":true,"href":"https:\/\/www.dorfglueck-bergland.at\/en\/wp-json\/wp\/v2\/comments?post=9314"}],"version-history":[{"count":107,"href":"https:\/\/www.dorfglueck-bergland.at\/en\/wp-json\/wp\/v2\/pages\/9314\/revisions"}],"predecessor-version":[{"id":16428,"href":"https:\/\/www.dorfglueck-bergland.at\/en\/wp-json\/wp\/v2\/pages\/9314\/revisions\/16428"}],"wp:attachment":[{"href":"https:\/\/www.dorfglueck-bergland.at\/en\/wp-json\/wp\/v2\/media?parent=9314"}],"curies":[{"name":"wp","href":"https:\/\/api.w.org\/{rel}","templated":true}]}}