{"id":9266,"date":"2022-04-27T19:07:54","date_gmt":"2022-04-27T19:07:54","guid":{"rendered":"https:\/\/www.dorfglueck-bergland.at\/book-online\/"},"modified":"2026-04-29T16:27:55","modified_gmt":"2026-04-29T16:27:55","slug":"book-online","status":"publish","type":"page","link":"https:\/\/www.dorfglueck-bergland.at\/en\/book-online\/","title":{"rendered":"DG_Online booking"},"content":{"rendered":"<div class=\"fusion-fullwidth fullwidth-box fusion-builder-row-1 fusion-flex-container nonhundred-percent-fullwidth non-hundred-percent-height-scrolling gradient-container-1\" style=\"--awb-border-radius-top-left:0px;--awb-border-radius-top-right:0px;--awb-border-radius-bottom-right:0px;--awb-border-radius-bottom-left:0px;--awb-padding-top:90px;--awb-padding-right:12%;--awb-padding-bottom:70px;--awb-padding-left:12%;--awb-padding-right-medium:50px;--awb-padding-left-medium:50px;--awb-background-color:#d5c0b4;--awb-background-image:linear-gradient(180deg, #ffffff 32%,#d5c0b4 100%);--awb-flex-wrap:wrap;\" ><div class=\"fusion-builder-row fusion-row fusion-flex-align-items-stretch fusion-flex-content-wrap\" style=\"max-width:1216.8px;margin-left: calc(-4% \/ 2 );margin-right: calc(-4% \/ 2 );\"><div class=\"fusion-layout-column fusion_builder_column fusion-builder-column-0 fusion_builder_column_1_1 1_1 fusion-flex-column fusion-animated\" style=\"--awb-bg-size:cover;--awb-width-large:100%;--awb-margin-top-large:0px;--awb-spacing-right-large:1.92%;--awb-margin-bottom-large:20px;--awb-spacing-left-large:1.92%;--awb-width-medium:100%;--awb-spacing-right-medium:1.92%;--awb-spacing-left-medium:1.92%;--awb-width-small:100%;--awb-spacing-right-small:1.92%;--awb-spacing-left-small:1.92%;\" data-animationType=\"fadeIn\" data-animationDuration=\"1.0\" data-animationOffset=\"top-into-view\"><div class=\"fusion-column-wrapper fusion-column-has-shadow fusion-flex-justify-content-flex-start fusion-content-layout-column\"><div class=\"fusion-title title fusion-title-1 fusion-sep-none fusion-title-center fusion-title-text fusion-title-size-two\" style=\"--awb-text-color:#219498;--awb-margin-bottom:20px;--awb-margin-top-small:0px;--awb-margin-right-small:0px;--awb-margin-bottom-small:20px;--awb-margin-left-small:0px;--awb-font-size:55px;\"><h2 class=\"fusion-title-heading title-heading-center fusion-responsive-typography-calculated\" style=\"margin:0;font-size:1em;--fontSize:55;line-height:var(--awb-typography1-line-height);\">Book online<\/h2><\/div><div class=\"fusion-title title fusion-title-2 fusion-sep-none fusion-title-center fusion-title-text fusion-title-size-three\" style=\"--awb-text-color:#a48c7f;--awb-margin-bottom:40px;--awb-margin-top-small:0px;--awb-margin-right-small:0px;--awb-margin-bottom-small:40px;--awb-margin-left-small:0px;--awb-font-size:var(--awb-typography2-font-size);\"><h3 class=\"fusion-title-heading title-heading-center fusion-responsive-typography-calculated\" style=\"font-family:var(--awb-typography2-font-family);font-weight:var(--awb-typography2-font-weight);font-style:var(--awb-typography2-font-style);margin:0;letter-spacing:var(--awb-typography2-letter-spacing);text-transform:var(--awb-typography2-text-transform);font-size:1em;--fontSize:22;--minFontSize:22;line-height:var(--awb-typography2-line-height);\">AND CHECK AVAILABILITY<\/h3><\/div><div class=\"fusion-image-element \" style=\"text-align:center;--awb-margin-top:0px;--awb-margin-bottom:30px;--awb-max-width:40px;--awb-caption-title-font-family:var(--h2_typography-font-family);--awb-caption-title-font-weight:var(--h2_typography-font-weight);--awb-caption-title-font-style:var(--h2_typography-font-style);--awb-caption-title-size:var(--h2_typography-font-size);--awb-caption-title-transform:var(--h2_typography-text-transform);--awb-caption-title-line-height:var(--h2_typography-line-height);--awb-caption-title-letter-spacing:var(--h2_typography-letter-spacing);\"><span class=\" fusion-imageframe imageframe-none imageframe-1 hover-type-none\"><img decoding=\"async\" width=\"150\" height=\"150\" alt=\"Icon: Apartment Icon of the vacation apartment S\u00f6ll Tirol Wilder Kaiser for your last minute vacation with dog.\" title=\"2022 Symbol WEB\" src=\"https:\/\/www.dorfglueck-bergland.at\/wp-content\/uploads\/2022\/02\/2022_Symbol_WEB.png\" data-orig-src=\"https:\/\/www.dorfglueck-bergland.at\/wp-content\/uploads\/2022\/02\/2022_Symbol_WEB-150x150.png\" class=\"lazyload img-responsive wp-image-9094\" srcset=\"data:image\/svg+xml,%3Csvg%20xmlns%3D%27http%3A%2F%2Fwww.w3.org%2F2000%2Fsvg%27%20width%3D%27540%27%20height%3D%27539%27%20viewBox%3D%270%200%20540%20539%27%3E%3Crect%20width%3D%27540%27%20height%3D%27539%27%20fill-opacity%3D%220%22%2F%3E%3C%2Fsvg%3E\" data-srcset=\"https:\/\/www.dorfglueck-bergland.at\/wp-content\/uploads\/2022\/02\/2022_Symbol_WEB-200x200.png 200w, https:\/\/www.dorfglueck-bergland.at\/wp-content\/uploads\/2022\/02\/2022_Symbol_WEB-400x399.png 400w, https:\/\/www.dorfglueck-bergland.at\/wp-content\/uploads\/2022\/02\/2022_Symbol_WEB.png 540w\" data-sizes=\"auto\" data-orig-sizes=\"(max-width: 800px) 100vw, (max-width: 640px) 100vw, 150px\" \/><\/span><\/div><div class=\"fusion-builder-row fusion-builder-row-inner fusion-row fusion-flex-align-items-stretch fusion-flex-content-wrap\" style=\"--awb-flex-grow:0;--awb-flex-grow-medium:0;--awb-flex-grow-small:0;--awb-flex-shrink:0;--awb-flex-shrink-medium:0;--awb-flex-shrink-small:0;width:104% !important;max-width:104% !important;margin-left: calc(-4% \/ 2 );margin-right: calc(-4% \/ 2 );\"><div class=\"fusion-layout-column fusion_builder_column_inner fusion-builder-nested-column-0 fusion_builder_column_inner_1_4 1_4 fusion-flex-column\" style=\"--awb-bg-size:cover;--awb-width-large:25%;--awb-margin-top-large:0px;--awb-spacing-right-large:7.68%;--awb-margin-bottom-large:20px;--awb-spacing-left-large:7.68%;--awb-width-medium:100%;--awb-order-medium:0;--awb-spacing-right-medium:1.92%;--awb-spacing-left-medium:1.92%;--awb-width-small:100%;--awb-order-small:0;--awb-spacing-right-small:1.92%;--awb-spacing-left-small:1.92%;\"><div class=\"fusion-column-wrapper fusion-column-has-shadow fusion-flex-justify-content-flex-start fusion-content-layout-column\"><\/div><\/div><div class=\"fusion-layout-column fusion_builder_column_inner fusion-builder-nested-column-1 fusion_builder_column_inner_1_2 1_2 fusion-flex-column\" style=\"--awb-bg-size:cover;--awb-width-large:50%;--awb-margin-top-large:0px;--awb-spacing-right-large:3.84%;--awb-margin-bottom-large:35px;--awb-spacing-left-large:3.84%;--awb-width-medium:100%;--awb-order-medium:0;--awb-spacing-right-medium:1.92%;--awb-spacing-left-medium:1.92%;--awb-width-small:100%;--awb-order-small:0;--awb-spacing-right-small:1.92%;--awb-spacing-left-small:1.92%;\" data-scroll-devices=\"small-visibility,medium-visibility,large-visibility\"><div class=\"fusion-column-wrapper fusion-column-has-shadow fusion-flex-justify-content-flex-start fusion-content-layout-column\"><div class=\"fusion-text fusion-text-1\" style=\"--awb-content-alignment:center;--awb-text-transform:none;\"><p><strong>We are really looking forward to seeing you!<\/strong><\/p>\n<p>You can book your favorite room in our trendy &#8220;Social Living&#8221; hostel in the heart of S\u00f6ll easily and conveniently via our online booking.<\/p>\n<p>Do you have any questions? Then contact us by e-mail at <a href=\"mailto:info@dorfglueck-bergland.at\">info@dorfglueck-bergland.at<\/a> or by phone on +43 5333 5454. We are there for you every day from 8:00 to 20:00.  <\/p>\n<p>We send you our warmest regards from S\u00f6ll<\/p>\n<h5><span style=\"color: #2ba0a3;\">Your Embacher family<\/span><\/h5>\n<\/div><\/div><\/div><div class=\"fusion-layout-column fusion_builder_column_inner fusion-builder-nested-column-2 fusion_builder_column_inner_1_4 1_4 fusion-flex-column\" style=\"--awb-bg-size:cover;--awb-width-large:25%;--awb-margin-top-large:0px;--awb-spacing-right-large:7.68%;--awb-margin-bottom-large:20px;--awb-spacing-left-large:7.68%;--awb-width-medium:100%;--awb-order-medium:0;--awb-spacing-right-medium:1.92%;--awb-spacing-left-medium:1.92%;--awb-width-small:100%;--awb-order-small:0;--awb-spacing-right-small:1.92%;--awb-spacing-left-small:1.92%;\"><div class=\"fusion-column-wrapper fusion-column-has-shadow fusion-flex-justify-content-flex-start fusion-content-layout-column\"><\/div><\/div><\/div><div class=\"mco-widget-booking\" data-token=\"ImEfpsBxlREFmB-SsQZn68lSlLb50xPyY6DkHevzo-lx0\" data-id=\"4\"><\/div>\n<script src=\"https:\/\/partner.wilderkaiser.info\/static\/widgets\/js\/widget-booking.js\"><\/script><\/div><\/div><\/div><\/div>\n","protected":false},"excerpt":{"rendered":"","protected":false},"author":1,"featured_media":0,"parent":0,"menu_order":0,"comment_status":"closed","ping_status":"closed","template":"100-width.php","meta":{"footnotes":""},"class_list":["post-9266","page","type-page","status-publish","hentry"],"yoast_head":"<!-- This site is optimized with the Yoast SEO plugin v27.5 - https:\/\/yoast.com\/product\/yoast-seo-wordpress\/ -->\n<title>Online booking \u2661 from cheap Hostel S\u00f6ll . Wilder Kaiser . Tyrol<\/title>\n<meta name=\"description\" content=\"Book rooms in our affordable Social Living Hostel in S\u00f6ll am Wilden Kaiser for cheap community vacations: To the online booking\" \/>\n<meta name=\"robots\" content=\"noindex, follow, max-snippet:-1, max-image-preview:large, max-video-preview:-1\" \/>\n<meta property=\"og:locale\" content=\"en_US\" \/>\n<meta property=\"og:type\" content=\"article\" \/>\n<meta property=\"og:title\" content=\"Online booking \u2661 from cheap Hostel S\u00f6ll . Wilder Kaiser . Tyrol\" \/>\n<meta property=\"og:description\" content=\"Book rooms in our affordable Social Living Hostel in S\u00f6ll am Wilden Kaiser for cheap community vacations: To the online booking\" \/>\n<meta property=\"og:url\" content=\"https:\/\/www.dorfglueck-bergland.at\/en\/book-online\/\" \/>\n<meta property=\"og:site_name\" content=\"Bergland Dorfgl\u00fcck\" \/>\n<meta property=\"article:modified_time\" content=\"2026-04-29T16:27:55+00:00\" \/>\n<meta name=\"twitter:card\" content=\"summary_large_image\" \/>\n<meta name=\"twitter:label1\" content=\"Est. reading time\" \/>\n\t<meta name=\"twitter:data1\" content=\"1 minute\" \/>\n<script type=\"application\/ld+json\" class=\"yoast-schema-graph\">{\"@context\":\"https:\\\/\\\/schema.org\",\"@graph\":[{\"@type\":\"WebPage\",\"@id\":\"https:\\\/\\\/www.dorfglueck-bergland.at\\\/en\\\/book-online\\\/\",\"url\":\"https:\\\/\\\/www.dorfglueck-bergland.at\\\/en\\\/book-online\\\/\",\"name\":\"Online booking \u2661 from cheap Hostel S\u00f6ll . Wilder Kaiser . Tyrol\",\"isPartOf\":{\"@id\":\"https:\\\/\\\/www.dorfglueck-bergland.at\\\/en\\\/#website\"},\"datePublished\":\"2022-04-27T19:07:54+00:00\",\"dateModified\":\"2026-04-29T16:27:55+00:00\",\"description\":\"Book rooms in our affordable Social Living Hostel in S\u00f6ll am Wilden Kaiser for cheap community vacations: To the online booking\",\"breadcrumb\":{\"@id\":\"https:\\\/\\\/www.dorfglueck-bergland.at\\\/en\\\/book-online\\\/#breadcrumb\"},\"inLanguage\":\"en-US\",\"potentialAction\":[{\"@type\":\"ReadAction\",\"target\":[\"https:\\\/\\\/www.dorfglueck-bergland.at\\\/en\\\/book-online\\\/\"]}]},{\"@type\":\"BreadcrumbList\",\"@id\":\"https:\\\/\\\/www.dorfglueck-bergland.at\\\/en\\\/book-online\\\/#breadcrumb\",\"itemListElement\":[{\"@type\":\"ListItem\",\"position\":1,\"name\":\"Startseite\",\"item\":\"https:\\\/\\\/www.dorfglueck-bergland.at\\\/en\\\/\"},{\"@type\":\"ListItem\",\"position\":2,\"name\":\"DG_Online booking\"}]},{\"@type\":\"WebSite\",\"@id\":\"https:\\\/\\\/www.dorfglueck-bergland.at\\\/en\\\/#website\",\"url\":\"https:\\\/\\\/www.dorfglueck-bergland.at\\\/en\\\/\",\"name\":\"Bergland Dorfgl\u00fcck\",\"description\":\"G\u00fcnstiges Hostel in S\u00f6ll am Wilden Kaiser\",\"potentialAction\":[{\"@type\":\"SearchAction\",\"target\":{\"@type\":\"EntryPoint\",\"urlTemplate\":\"https:\\\/\\\/www.dorfglueck-bergland.at\\\/en\\\/?s={search_term_string}\"},\"query-input\":{\"@type\":\"PropertyValueSpecification\",\"valueRequired\":true,\"valueName\":\"search_term_string\"}}],\"inLanguage\":\"en-US\"}]}<\/script>\n<!-- \/ Yoast SEO plugin. -->","yoast_head_json":{"title":"Online booking \u2661 from cheap Hostel S\u00f6ll . Wilder Kaiser . Tyrol","description":"Book rooms in our affordable Social Living Hostel in S\u00f6ll am Wilden Kaiser for cheap community vacations: To the online booking","robots":{"index":"noindex","follow":"follow","max-snippet":"max-snippet:-1","max-image-preview":"max-image-preview:large","max-video-preview":"max-video-preview:-1"},"og_locale":"en_US","og_type":"article","og_title":"Online booking \u2661 from cheap Hostel S\u00f6ll . Wilder Kaiser . Tyrol","og_description":"Book rooms in our affordable Social Living Hostel in S\u00f6ll am Wilden Kaiser for cheap community vacations: To the online booking","og_url":"https:\/\/www.dorfglueck-bergland.at\/en\/book-online\/","og_site_name":"Bergland Dorfgl\u00fcck","article_modified_time":"2026-04-29T16:27:55+00:00","twitter_card":"summary_large_image","twitter_misc":{"Est. reading time":"1 minute"},"schema":{"@context":"https:\/\/schema.org","@graph":[{"@type":"WebPage","@id":"https:\/\/www.dorfglueck-bergland.at\/en\/book-online\/","url":"https:\/\/www.dorfglueck-bergland.at\/en\/book-online\/","name":"Online booking \u2661 from cheap Hostel S\u00f6ll . Wilder Kaiser . Tyrol","isPartOf":{"@id":"https:\/\/www.dorfglueck-bergland.at\/en\/#website"},"datePublished":"2022-04-27T19:07:54+00:00","dateModified":"2026-04-29T16:27:55+00:00","description":"Book rooms in our affordable Social Living Hostel in S\u00f6ll am Wilden Kaiser for cheap community vacations: To the online booking","breadcrumb":{"@id":"https:\/\/www.dorfglueck-bergland.at\/en\/book-online\/#breadcrumb"},"inLanguage":"en-US","potentialAction":[{"@type":"ReadAction","target":["https:\/\/www.dorfglueck-bergland.at\/en\/book-online\/"]}]},{"@type":"BreadcrumbList","@id":"https:\/\/www.dorfglueck-bergland.at\/en\/book-online\/#breadcrumb","itemListElement":[{"@type":"ListItem","position":1,"name":"Startseite","item":"https:\/\/www.dorfglueck-bergland.at\/en\/"},{"@type":"ListItem","position":2,"name":"DG_Online booking"}]},{"@type":"WebSite","@id":"https:\/\/www.dorfglueck-bergland.at\/en\/#website","url":"https:\/\/www.dorfglueck-bergland.at\/en\/","name":"Bergland Dorfgl\u00fcck","description":"G\u00fcnstiges Hostel in S\u00f6ll am Wilden Kaiser","potentialAction":[{"@type":"SearchAction","target":{"@type":"EntryPoint","urlTemplate":"https:\/\/www.dorfglueck-bergland.at\/en\/?s={search_term_string}"},"query-input":{"@type":"PropertyValueSpecification","valueRequired":true,"valueName":"search_term_string"}}],"inLanguage":"en-US"}]}},"_links":{"self":[{"href":"https:\/\/www.dorfglueck-bergland.at\/en\/wp-json\/wp\/v2\/pages\/9266","targetHints":{"allow":["GET"]}}],"collection":[{"href":"https:\/\/www.dorfglueck-bergland.at\/en\/wp-json\/wp\/v2\/pages"}],"about":[{"href":"https:\/\/www.dorfglueck-bergland.at\/en\/wp-json\/wp\/v2\/types\/page"}],"author":[{"embeddable":true,"href":"https:\/\/www.dorfglueck-bergland.at\/en\/wp-json\/wp\/v2\/users\/1"}],"replies":[{"embeddable":true,"href":"https:\/\/www.dorfglueck-bergland.at\/en\/wp-json\/wp\/v2\/comments?post=9266"}],"version-history":[{"count":55,"href":"https:\/\/www.dorfglueck-bergland.at\/en\/wp-json\/wp\/v2\/pages\/9266\/revisions"}],"predecessor-version":[{"id":16202,"href":"https:\/\/www.dorfglueck-bergland.at\/en\/wp-json\/wp\/v2\/pages\/9266\/revisions\/16202"}],"wp:attachment":[{"href":"https:\/\/www.dorfglueck-bergland.at\/en\/wp-json\/wp\/v2\/media?parent=9266"}],"curies":[{"name":"wp","href":"https:\/\/api.w.org\/{rel}","templated":true}]}}