{"id":12432,"date":"2025-06-17T18:24:17","date_gmt":"2025-06-17T18:24:17","guid":{"rendered":"https:\/\/www.dorfglueck-bergland.at\/accessibility\/"},"modified":"2026-04-30T21:19:25","modified_gmt":"2026-04-30T21:19:25","slug":"accessibility","status":"publish","type":"page","link":"https:\/\/www.dorfglueck-bergland.at\/en\/accessibility\/","title":{"rendered":"DG Accessibility"},"content":{"rendered":"<div class=\"fusion-fullwidth fullwidth-box fusion-builder-row-1 fusion-flex-container has-pattern-background has-mask-background nonhundred-percent-fullwidth non-hundred-percent-height-scrolling gradient-container-1\" style=\"--awb-border-radius-top-left:0px;--awb-border-radius-top-right:0px;--awb-border-radius-bottom-right:0px;--awb-border-radius-bottom-left:0px;--awb-padding-top:90px;--awb-padding-right:12%;--awb-padding-bottom:20px;--awb-padding-left:12%;--awb-padding-right-medium:50px;--awb-padding-left-medium:50px;--awb-background-image:linear-gradient(180deg, #ffffff 32%,var(--awb-color4) 100%);--awb-flex-wrap:wrap;\" ><div class=\"fusion-builder-row fusion-row fusion-flex-align-items-stretch fusion-flex-content-wrap\" style=\"max-width:1216.8px;margin-left: calc(-4% \/ 2 );margin-right: calc(-4% \/ 2 );\"><div class=\"fusion-layout-column fusion_builder_column fusion-builder-column-0 fusion_builder_column_1_1 1_1 fusion-flex-column fusion-animated\" style=\"--awb-bg-size:cover;--awb-width-large:100%;--awb-margin-top-large:0px;--awb-spacing-right-large:1.92%;--awb-margin-bottom-large:20px;--awb-spacing-left-large:1.92%;--awb-width-medium:100%;--awb-spacing-right-medium:1.92%;--awb-spacing-left-medium:1.92%;--awb-width-small:100%;--awb-spacing-right-small:1.92%;--awb-spacing-left-small:1.92%;\" data-animationType=\"fadeIn\" data-animationDuration=\"1.0\" data-animationOffset=\"top-into-view\"><div class=\"fusion-column-wrapper fusion-column-has-shadow fusion-flex-justify-content-flex-start fusion-content-layout-column\"><div class=\"fusion-title title fusion-title-1 fusion-sep-none fusion-title-center fusion-title-text fusion-title-size-two\" style=\"--awb-text-color:#219498;--awb-margin-bottom:20px;--awb-margin-top-small:0px;--awb-margin-right-small:0px;--awb-margin-bottom-small:20px;--awb-margin-left-small:0px;--awb-font-size:55px;\"><h2 class=\"fusion-title-heading title-heading-center fusion-responsive-typography-calculated\" style=\"margin:0;font-size:1em;--fontSize:55;line-height:var(--awb-typography1-line-height);\">Declaration of accessibility<\/h2><\/div><div class=\"fusion-title title fusion-title-2 fusion-sep-none fusion-title-center fusion-title-text fusion-title-size-three\" style=\"--awb-text-color:var(--awb-custom_color_1);--awb-margin-bottom:40px;--awb-margin-top-small:0px;--awb-margin-right-small:0px;--awb-margin-bottom-small:40px;--awb-margin-left-small:0px;--awb-font-size:var(--awb-typography2-font-size);\"><h3 class=\"fusion-title-heading title-heading-center fusion-responsive-typography-calculated\" style=\"font-family:var(--awb-typography2-font-family);font-weight:var(--awb-typography2-font-weight);font-style:var(--awb-typography2-font-style);margin:0;letter-spacing:var(--awb-typography2-letter-spacing);text-transform:var(--awb-typography2-text-transform);font-size:1em;--fontSize:22;--minFontSize:22;line-height:var(--awb-typography2-line-height);\">Surf our website without barriers<\/h3><\/div><div class=\"fusion-image-element \" style=\"text-align:center;--awb-margin-top:0px;--awb-margin-bottom:30px;--awb-max-width:40px;--awb-caption-title-font-family:var(--h2_typography-font-family);--awb-caption-title-font-weight:var(--h2_typography-font-weight);--awb-caption-title-font-style:var(--h2_typography-font-style);--awb-caption-title-size:var(--h2_typography-font-size);--awb-caption-title-transform:var(--h2_typography-text-transform);--awb-caption-title-line-height:var(--h2_typography-line-height);--awb-caption-title-letter-spacing:var(--h2_typography-letter-spacing);\"><span class=\" fusion-imageframe imageframe-none imageframe-1 hover-type-none\"><img decoding=\"async\" width=\"150\" height=\"150\" alt=\"Icon: Apartment Icon of the vacation apartment S\u00f6ll Tirol Wilder Kaiser for your last minute vacation with dog.\" title=\"2022 Symbol WEB\" src=\"https:\/\/www.dorfglueck-bergland.at\/wp-content\/uploads\/2022\/02\/2022_Symbol_WEB.png\" data-orig-src=\"https:\/\/www.dorfglueck-bergland.at\/wp-content\/uploads\/2022\/02\/2022_Symbol_WEB-150x150.png\" class=\"lazyload img-responsive wp-image-9094\" srcset=\"data:image\/svg+xml,%3Csvg%20xmlns%3D%27http%3A%2F%2Fwww.w3.org%2F2000%2Fsvg%27%20width%3D%27540%27%20height%3D%27539%27%20viewBox%3D%270%200%20540%20539%27%3E%3Crect%20width%3D%27540%27%20height%3D%27539%27%20fill-opacity%3D%220%22%2F%3E%3C%2Fsvg%3E\" data-srcset=\"https:\/\/www.dorfglueck-bergland.at\/wp-content\/uploads\/2022\/02\/2022_Symbol_WEB-200x200.png 200w, https:\/\/www.dorfglueck-bergland.at\/wp-content\/uploads\/2022\/02\/2022_Symbol_WEB-400x399.png 400w, https:\/\/www.dorfglueck-bergland.at\/wp-content\/uploads\/2022\/02\/2022_Symbol_WEB.png 540w\" data-sizes=\"auto\" data-orig-sizes=\"(max-width: 800px) 100vw, (max-width: 640px) 100vw, 150px\" \/><\/span><\/div><div class=\"fusion-builder-row fusion-builder-row-inner fusion-row fusion-flex-align-items-stretch fusion-flex-content-wrap\" style=\"--awb-flex-grow:0;--awb-flex-grow-medium:0;--awb-flex-grow-small:0;--awb-flex-shrink:0;--awb-flex-shrink-medium:0;--awb-flex-shrink-small:0;width:104% !important;max-width:104% !important;margin-left: calc(-4% \/ 2 );margin-right: calc(-4% \/ 2 );\"><div class=\"fusion-layout-column fusion_builder_column_inner fusion-builder-nested-column-0 fusion_builder_column_inner_1_4 1_4 fusion-flex-column\" style=\"--awb-bg-size:cover;--awb-width-large:25%;--awb-margin-top-large:0px;--awb-spacing-right-large:7.68%;--awb-margin-bottom-large:20px;--awb-spacing-left-large:7.68%;--awb-width-medium:100%;--awb-order-medium:0;--awb-spacing-right-medium:1.92%;--awb-spacing-left-medium:1.92%;--awb-width-small:100%;--awb-order-small:0;--awb-spacing-right-small:1.92%;--awb-spacing-left-small:1.92%;\"><div class=\"fusion-column-wrapper fusion-column-has-shadow fusion-flex-justify-content-flex-start fusion-content-layout-column\"><\/div><\/div><div class=\"fusion-layout-column fusion_builder_column_inner fusion-builder-nested-column-1 fusion_builder_column_inner_1_2 1_2 fusion-flex-column\" style=\"--awb-bg-size:cover;--awb-width-large:50%;--awb-margin-top-large:0px;--awb-spacing-right-large:3.84%;--awb-margin-bottom-large:20px;--awb-spacing-left-large:3.84%;--awb-width-medium:100%;--awb-order-medium:0;--awb-spacing-right-medium:1.92%;--awb-spacing-left-medium:1.92%;--awb-width-small:100%;--awb-order-small:0;--awb-spacing-right-small:1.92%;--awb-spacing-left-small:1.92%;\"><div class=\"fusion-column-wrapper fusion-column-has-shadow fusion-flex-justify-content-flex-start fusion-content-layout-column\"><div class=\"fusion-text fusion-text-1\" style=\"--awb-text-transform:none;\"><p>Status: 30.04.2026<\/p>\n<p>An Internet without barriers &#8211; that is our goal. We work every day to remove barriers on our website so that everyone can use our content without any problems. In legal terms, we are fully compliant with Austrian law and the European Accessibility Directive, on which this declaration is also based.  <\/p>\n<h2><span style=\"color: #219498;\">Status of compatibility with the requirements<\/span><\/h2>\n<p>We have checked for ourselves where there are still hurdles on our website. A lot of things are already working really well, but we haven&#8217;t reached our goal with every point yet.<br \/>\nSo we still need to make improvements in some areas. <\/p>\n<h2><span style=\"color: #219498;\">Non-accessible content:<\/span><\/h2>\n<p>Where we reach our technical limits, we try to help out with simple solutions.<\/p>\n<p>One example is the color contrasts. These are currently not optimal everywhere. So that you can still read everything clearly, you will find a small control element at the edge of the website. Click on it to significantly increase the contrast and make the text easier to read.   <\/p>\n<h3>Font sizes:<\/h3>\n<p>If the font is too small for you, you can easily enlarge it. There is also an icon for this on the edge of the website. One click &#8211; and everything is displayed larger.  <\/p>\n<h3>Buttons, buttons and text links:<\/h3>\n<p>Our buttons work perfectly with screen readers and can be easily controlled using the keyboard. Unfortunately, we still have a technical problem with the links in the text: We can&#8217;t add any additional titles at the moment. <\/p>\n<h3>Headings:<\/h3>\n<p>Some test programs do not recognize our headings correctly. This is due to the technical structure of the page.<br \/>\nHowever, this hardly changes anything for you: we have ensured a clean structure so that screen readers can also read the content without any problems. <\/p>\n<h2><span style=\"color: #219498;\">Contents outside the scope of application:<\/span><\/h2>\n<ul>\n<li>You will also find content from external providers on our website. We cannot assess whether this content meets the accessibility requirements. <\/li>\n<\/ul>\n<ul>\n<li>Older content that was already online before June 28, 2025 will remain as it is until it is replaced. As they are not covered by the new legal regulations, they will not be revised for the time being. <\/li>\n<\/ul>\n<h2><\/h2>\n<h2><span style=\"color: #219498;\">Contact &amp; Feedback:<\/span><\/h2>\n<p>If you still notice something or get stuck somewhere, please get in touch with us. We will be happy to look into it and try to find a solution quickly. <\/p>\n<p>The best thing to do is to write us a brief description of the problem and which page you were on.<\/p>\n<p><strong>Contact details:<\/strong><br \/>\nFamilie Embacher GmbH<br \/>\nBergland Dorfgl\u00fcck<br \/>\nFamily Embacher<br \/>\nDorf 106<br \/>\nA-6306 S\u00f6ll<br \/>\nTel. +43 (0)5333 5454<br \/>\nE-Mail: info@dorfglueck-bergland.at <\/p>\n<h2><span style=\"color: #219498;\">Enforcement proceedings:<\/span><\/h2>\n<p>We have designed our website to be barrier-free to the best of our knowledge and with great care.<\/p>\n<p>If you do encounter a barrier or feel disadvantaged, you can contact the responsible body directly. In Austria, the FFG is the right contact for this. <\/p>\n<p>Whether you&#8217;re looking for affordable accommodation in S\u00f6ll, planning an inexpensive vacation or want to discover our community hostel with its communal kitchen &#8211; we simply want you to find your way around our site just as easily as you will later in social living with us at the Wilder Kaiser.<\/p>\n<\/div><\/div><\/div><div class=\"fusion-layout-column fusion_builder_column_inner fusion-builder-nested-column-2 fusion_builder_column_inner_1_4 1_4 fusion-flex-column\" style=\"--awb-bg-size:cover;--awb-width-large:25%;--awb-margin-top-large:0px;--awb-spacing-right-large:7.68%;--awb-margin-bottom-large:20px;--awb-spacing-left-large:7.68%;--awb-width-medium:100%;--awb-order-medium:0;--awb-spacing-right-medium:1.92%;--awb-spacing-left-medium:1.92%;--awb-width-small:100%;--awb-order-small:0;--awb-spacing-right-small:1.92%;--awb-spacing-left-small:1.92%;\"><div class=\"fusion-column-wrapper fusion-column-has-shadow fusion-flex-justify-content-flex-start fusion-content-layout-column\"><\/div><\/div><\/div><\/div><\/div><\/div><\/div>\n","protected":false},"excerpt":{"rendered":"","protected":false},"author":1,"featured_media":0,"parent":0,"menu_order":0,"comment_status":"closed","ping_status":"closed","template":"100-width.php","meta":{"footnotes":""},"class_list":["post-12432","page","type-page","status-publish","hentry"],"yoast_head":"<!-- This site is optimized with the Yoast SEO plugin v27.5 - https:\/\/yoast.com\/product\/yoast-seo-wordpress\/ -->\n<title>Barrier-free at the affordable hostel at the Wilder Kaiser in S\u00f6ll in Tyrol<\/title>\n<meta name=\"description\" content=\"Barrier-free surfing in the affordable hostel at the Wilder Kaiser in Tyrol. Affordable vacation with \u2713 free WIFI \u2713 double room +1 +2 \u2713 in the center\" \/>\n<meta name=\"robots\" content=\"noindex, follow, max-snippet:-1, max-image-preview:large, max-video-preview:-1\" \/>\n<meta property=\"og:locale\" content=\"en_US\" \/>\n<meta property=\"og:type\" content=\"article\" \/>\n<meta property=\"og:title\" content=\"Barrier-free at the affordable hostel at the Wilder Kaiser in S\u00f6ll in Tyrol\" \/>\n<meta property=\"og:description\" content=\"Barrier-free surfing in the affordable hostel at the Wilder Kaiser in Tyrol. Affordable vacation with \u2713 free WIFI \u2713 double room +1 +2 \u2713 in the center\" \/>\n<meta property=\"og:url\" content=\"https:\/\/www.dorfglueck-bergland.at\/en\/accessibility\/\" \/>\n<meta property=\"og:site_name\" content=\"Bergland Dorfgl\u00fcck\" \/>\n<meta property=\"article:modified_time\" content=\"2026-04-30T21:19:25+00:00\" \/>\n<meta name=\"twitter:card\" content=\"summary_large_image\" \/>\n<meta name=\"twitter:label1\" content=\"Est. reading time\" \/>\n\t<meta name=\"twitter:data1\" content=\"14 minutes\" \/>\n<script type=\"application\/ld+json\" class=\"yoast-schema-graph\">{\"@context\":\"https:\\\/\\\/schema.org\",\"@graph\":[{\"@type\":\"WebPage\",\"@id\":\"https:\\\/\\\/www.dorfglueck-bergland.at\\\/en\\\/accessibility\\\/\",\"url\":\"https:\\\/\\\/www.dorfglueck-bergland.at\\\/en\\\/accessibility\\\/\",\"name\":\"Barrier-free at the affordable hostel at the Wilder Kaiser in S\u00f6ll in Tyrol\",\"isPartOf\":{\"@id\":\"https:\\\/\\\/www.dorfglueck-bergland.at\\\/en\\\/#website\"},\"datePublished\":\"2025-06-17T18:24:17+00:00\",\"dateModified\":\"2026-04-30T21:19:25+00:00\",\"description\":\"Barrier-free surfing in the affordable hostel at the Wilder Kaiser in Tyrol. Affordable vacation with \u2713 free WIFI \u2713 double room +1 +2 \u2713 in the center\",\"breadcrumb\":{\"@id\":\"https:\\\/\\\/www.dorfglueck-bergland.at\\\/en\\\/accessibility\\\/#breadcrumb\"},\"inLanguage\":\"en-US\",\"potentialAction\":[{\"@type\":\"ReadAction\",\"target\":[\"https:\\\/\\\/www.dorfglueck-bergland.at\\\/en\\\/accessibility\\\/\"]}]},{\"@type\":\"BreadcrumbList\",\"@id\":\"https:\\\/\\\/www.dorfglueck-bergland.at\\\/en\\\/accessibility\\\/#breadcrumb\",\"itemListElement\":[{\"@type\":\"ListItem\",\"position\":1,\"name\":\"Startseite\",\"item\":\"https:\\\/\\\/www.dorfglueck-bergland.at\\\/en\\\/\"},{\"@type\":\"ListItem\",\"position\":2,\"name\":\"DG Accessibility\"}]},{\"@type\":\"WebSite\",\"@id\":\"https:\\\/\\\/www.dorfglueck-bergland.at\\\/en\\\/#website\",\"url\":\"https:\\\/\\\/www.dorfglueck-bergland.at\\\/en\\\/\",\"name\":\"Bergland Dorfgl\u00fcck\",\"description\":\"G\u00fcnstiges Hostel in S\u00f6ll am Wilden Kaiser\",\"potentialAction\":[{\"@type\":\"SearchAction\",\"target\":{\"@type\":\"EntryPoint\",\"urlTemplate\":\"https:\\\/\\\/www.dorfglueck-bergland.at\\\/en\\\/?s={search_term_string}\"},\"query-input\":{\"@type\":\"PropertyValueSpecification\",\"valueRequired\":true,\"valueName\":\"search_term_string\"}}],\"inLanguage\":\"en-US\"}]}<\/script>\n<!-- \/ Yoast SEO plugin. -->","yoast_head_json":{"title":"Barrier-free at the affordable hostel at the Wilder Kaiser in S\u00f6ll in Tyrol","description":"Barrier-free surfing in the affordable hostel at the Wilder Kaiser in Tyrol. Affordable vacation with \u2713 free WIFI \u2713 double room +1 +2 \u2713 in the center","robots":{"index":"noindex","follow":"follow","max-snippet":"max-snippet:-1","max-image-preview":"max-image-preview:large","max-video-preview":"max-video-preview:-1"},"og_locale":"en_US","og_type":"article","og_title":"Barrier-free at the affordable hostel at the Wilder Kaiser in S\u00f6ll in Tyrol","og_description":"Barrier-free surfing in the affordable hostel at the Wilder Kaiser in Tyrol. Affordable vacation with \u2713 free WIFI \u2713 double room +1 +2 \u2713 in the center","og_url":"https:\/\/www.dorfglueck-bergland.at\/en\/accessibility\/","og_site_name":"Bergland Dorfgl\u00fcck","article_modified_time":"2026-04-30T21:19:25+00:00","twitter_card":"summary_large_image","twitter_misc":{"Est. reading time":"14 minutes"},"schema":{"@context":"https:\/\/schema.org","@graph":[{"@type":"WebPage","@id":"https:\/\/www.dorfglueck-bergland.at\/en\/accessibility\/","url":"https:\/\/www.dorfglueck-bergland.at\/en\/accessibility\/","name":"Barrier-free at the affordable hostel at the Wilder Kaiser in S\u00f6ll in Tyrol","isPartOf":{"@id":"https:\/\/www.dorfglueck-bergland.at\/en\/#website"},"datePublished":"2025-06-17T18:24:17+00:00","dateModified":"2026-04-30T21:19:25+00:00","description":"Barrier-free surfing in the affordable hostel at the Wilder Kaiser in Tyrol. Affordable vacation with \u2713 free WIFI \u2713 double room +1 +2 \u2713 in the center","breadcrumb":{"@id":"https:\/\/www.dorfglueck-bergland.at\/en\/accessibility\/#breadcrumb"},"inLanguage":"en-US","potentialAction":[{"@type":"ReadAction","target":["https:\/\/www.dorfglueck-bergland.at\/en\/accessibility\/"]}]},{"@type":"BreadcrumbList","@id":"https:\/\/www.dorfglueck-bergland.at\/en\/accessibility\/#breadcrumb","itemListElement":[{"@type":"ListItem","position":1,"name":"Startseite","item":"https:\/\/www.dorfglueck-bergland.at\/en\/"},{"@type":"ListItem","position":2,"name":"DG Accessibility"}]},{"@type":"WebSite","@id":"https:\/\/www.dorfglueck-bergland.at\/en\/#website","url":"https:\/\/www.dorfglueck-bergland.at\/en\/","name":"Bergland Dorfgl\u00fcck","description":"G\u00fcnstiges Hostel in S\u00f6ll am Wilden Kaiser","potentialAction":[{"@type":"SearchAction","target":{"@type":"EntryPoint","urlTemplate":"https:\/\/www.dorfglueck-bergland.at\/en\/?s={search_term_string}"},"query-input":{"@type":"PropertyValueSpecification","valueRequired":true,"valueName":"search_term_string"}}],"inLanguage":"en-US"}]}},"_links":{"self":[{"href":"https:\/\/www.dorfglueck-bergland.at\/en\/wp-json\/wp\/v2\/pages\/12432","targetHints":{"allow":["GET"]}}],"collection":[{"href":"https:\/\/www.dorfglueck-bergland.at\/en\/wp-json\/wp\/v2\/pages"}],"about":[{"href":"https:\/\/www.dorfglueck-bergland.at\/en\/wp-json\/wp\/v2\/types\/page"}],"author":[{"embeddable":true,"href":"https:\/\/www.dorfglueck-bergland.at\/en\/wp-json\/wp\/v2\/users\/1"}],"replies":[{"embeddable":true,"href":"https:\/\/www.dorfglueck-bergland.at\/en\/wp-json\/wp\/v2\/comments?post=12432"}],"version-history":[{"count":44,"href":"https:\/\/www.dorfglueck-bergland.at\/en\/wp-json\/wp\/v2\/pages\/12432\/revisions"}],"predecessor-version":[{"id":16492,"href":"https:\/\/www.dorfglueck-bergland.at\/en\/wp-json\/wp\/v2\/pages\/12432\/revisions\/16492"}],"wp:attachment":[{"href":"https:\/\/www.dorfglueck-bergland.at\/en\/wp-json\/wp\/v2\/media?parent=12432"}],"curies":[{"name":"wp","href":"https:\/\/api.w.org\/{rel}","templated":true}]}}